{"id":14311,"date":"2024-03-12T20:22:31","date_gmt":"2024-03-12T23:22:31","guid":{"rendered":"https:\/\/sindhsudoeste.org.br\/?page_id=14311"},"modified":"2024-03-12T20:23:36","modified_gmt":"2024-03-12T23:23:36","slug":"diretoria","status":"publish","type":"page","link":"https:\/\/sindhsudoeste.org.br\/index.php\/diretoria\/","title":{"rendered":"Diretoria"},"content":{"rendered":"\t\t<div data-elementor-type=\"wp-page\" data-elementor-id=\"14311\" class=\"elementor elementor-14311\" data-elementor-post-type=\"page\">\n\t\t\t\t<div class=\"elementor-element elementor-element-2cec1a3 e-flex e-con-boxed e-con e-parent\" data-id=\"2cec1a3\" data-element_type=\"container\" data-settings=\"{&quot;content_width&quot;:&quot;boxed&quot;}\" data-core-v316-plus=\"true\">\n\t\t\t\t\t<div class=\"e-con-inner\">\n\t\t\t\t<div class=\"elementor-element elementor-element-c076e92 elementor-widget elementor-widget-text-editor\" data-id=\"c076e92\" data-element_type=\"widget\" data-widget_type=\"text-editor.default\">\n\t\t\t\t<div class=\"elementor-widget-container\">\n\t\t\t<style>\/*! elementor - v3.19.0 - 29-01-2024 *\/\n.elementor-widget-text-editor.elementor-drop-cap-view-stacked .elementor-drop-cap{background-color:#69727d;color:#fff}.elementor-widget-text-editor.elementor-drop-cap-view-framed .elementor-drop-cap{color:#69727d;border:3px solid;background-color:transparent}.elementor-widget-text-editor:not(.elementor-drop-cap-view-default) .elementor-drop-cap{margin-top:8px}.elementor-widget-text-editor:not(.elementor-drop-cap-view-default) .elementor-drop-cap-letter{width:1em;height:1em}.elementor-widget-text-editor .elementor-drop-cap{float:left;text-align:center;line-height:1;font-size:50px}.elementor-widget-text-editor .elementor-drop-cap-letter{display:inline-block}<\/style>\t\t\t\t<ul><li><strong>Presidente:<\/strong> Paulo Roberto Gadas<\/li><li><strong>Vice-presidente:<\/strong> Josana Passos de Andrade Melo<\/li><li><strong>Diretor secret\u00e1ria:<\/strong> Patr\u00edcia Farias Moreira Correia<\/li><li><strong>Tesoureiro:<\/strong> Felipe Nery Souza Neto<\/li><li><strong>Conselho Fiscal:<\/strong> Lu\u00eds Caramuru Cairo<\/li><li><strong>Conselho Fiscal:<\/strong> F\u00e1tima Val\u00e9ria Grama Tupy<\/li><li><strong>Conselho Fiscal:<\/strong> Bianca Tanajura Oliveira Bastos<\/li><\/ul>\t\t\t\t\t\t<\/div>\n\t\t\t\t<\/div>\n\t\t\t\t\t<\/div>\n\t\t\t\t<\/div>\n\t\t\t\t<\/div>\n\t\t","protected":false},"excerpt":{"rendered":"<p>Presidente: Paulo Roberto Gadas Vice-presidente: Josana Passos de Andrade Melo Diretor secret\u00e1ria: Patr\u00edcia Farias Moreira Correia Tesoureiro: Felipe Nery Souza Neto Conselho Fiscal: Lu\u00eds Caramuru Cairo Conselho Fiscal: F\u00e1tima Val\u00e9ria Grama Tupy Conselho Fiscal: Bianca Tanajura Oliveira Bastos<\/p>\n","protected":false},"author":1,"featured_media":0,"parent":0,"menu_order":0,"comment_status":"closed","ping_status":"closed","template":"","meta":{"footnotes":""},"class_list":["post-14311","page","type-page","status-publish","hentry"],"_links":{"self":[{"href":"https:\/\/sindhsudoeste.org.br\/index.php\/wp-json\/wp\/v2\/pages\/14311"}],"collection":[{"href":"https:\/\/sindhsudoeste.org.br\/index.php\/wp-json\/wp\/v2\/pages"}],"about":[{"href":"https:\/\/sindhsudoeste.org.br\/index.php\/wp-json\/wp\/v2\/types\/page"}],"author":[{"embeddable":true,"href":"https:\/\/sindhsudoeste.org.br\/index.php\/wp-json\/wp\/v2\/users\/1"}],"replies":[{"embeddable":true,"href":"https:\/\/sindhsudoeste.org.br\/index.php\/wp-json\/wp\/v2\/comments?post=14311"}],"version-history":[{"count":7,"href":"https:\/\/sindhsudoeste.org.br\/index.php\/wp-json\/wp\/v2\/pages\/14311\/revisions"}],"predecessor-version":[{"id":14318,"href":"https:\/\/sindhsudoeste.org.br\/index.php\/wp-json\/wp\/v2\/pages\/14311\/revisions\/14318"}],"wp:attachment":[{"href":"https:\/\/sindhsudoeste.org.br\/index.php\/wp-json\/wp\/v2\/media?parent=14311"}],"curies":[{"name":"wp","href":"https:\/\/api.w.org\/{rel}","templated":true}]}}