{"id":14324,"date":"2024-03-12T21:05:34","date_gmt":"2024-03-13T00:05:34","guid":{"rendered":"https:\/\/sindhsudoeste.org.br\/?page_id=14324"},"modified":"2025-07-31T11:39:18","modified_gmt":"2025-07-31T14:39:18","slug":"convencoes","status":"publish","type":"page","link":"https:\/\/sindhsudoeste.org.br\/index.php\/convencoes\/","title":{"rendered":"Conven\u00e7\u00f5es Coletivas"},"content":{"rendered":"\t\t<div data-elementor-type=\"wp-page\" data-elementor-id=\"14324\" class=\"elementor elementor-14324\" data-elementor-post-type=\"page\">\n\t\t\t\t<div class=\"elementor-element elementor-element-2cec1a3 e-flex e-con-boxed e-con e-parent\" data-id=\"2cec1a3\" data-element_type=\"container\" data-settings=\"{&quot;content_width&quot;:&quot;boxed&quot;}\" data-core-v316-plus=\"true\">\n\t\t\t\t\t<div class=\"e-con-inner\">\n\t\t\t\t<div class=\"elementor-element elementor-element-670a26d elementor-widget elementor-widget-spacer\" data-id=\"670a26d\" data-element_type=\"widget\" data-widget_type=\"spacer.default\">\n\t\t\t\t<div class=\"elementor-widget-container\">\n\t\t\t<style>\/*! elementor - v3.19.0 - 29-01-2024 *\/\n.elementor-column .elementor-spacer-inner{height:var(--spacer-size)}.e-con{--container-widget-width:100%}.e-con-inner>.elementor-widget-spacer,.e-con>.elementor-widget-spacer{width:var(--container-widget-width,var(--spacer-size));--align-self:var(--container-widget-align-self,initial);--flex-shrink:0}.e-con-inner>.elementor-widget-spacer>.elementor-widget-container,.e-con>.elementor-widget-spacer>.elementor-widget-container{height:100%;width:100%}.e-con-inner>.elementor-widget-spacer>.elementor-widget-container>.elementor-spacer,.e-con>.elementor-widget-spacer>.elementor-widget-container>.elementor-spacer{height:100%}.e-con-inner>.elementor-widget-spacer>.elementor-widget-container>.elementor-spacer>.elementor-spacer-inner,.e-con>.elementor-widget-spacer>.elementor-widget-container>.elementor-spacer>.elementor-spacer-inner{height:var(--container-widget-height,var(--spacer-size))}.e-con-inner>.elementor-widget-spacer.elementor-widget-empty,.e-con>.elementor-widget-spacer.elementor-widget-empty{position:relative;min-height:22px;min-width:22px}.e-con-inner>.elementor-widget-spacer.elementor-widget-empty .elementor-widget-empty-icon,.e-con>.elementor-widget-spacer.elementor-widget-empty .elementor-widget-empty-icon{position:absolute;top:0;bottom:0;left:0;right:0;margin:auto;padding:0;width:22px;height:22px}<\/style>\t\t<div class=\"elementor-spacer\">\n\t\t\t<div class=\"elementor-spacer-inner\"><\/div>\n\t\t<\/div>\n\t\t\t\t<\/div>\n\t\t\t\t<\/div>\n\t\t\t\t<div class=\"elementor-element elementor-element-a4a8b78 elementor-widget elementor-widget-heading\" data-id=\"a4a8b78\" data-element_type=\"widget\" data-widget_type=\"heading.default\">\n\t\t\t\t<div class=\"elementor-widget-container\">\n\t\t\t<style>\/*! elementor - v3.19.0 - 29-01-2024 *\/\n.elementor-heading-title{padding:0;margin:0;line-height:1}.elementor-widget-heading .elementor-heading-title[class*=elementor-size-]>a{color:inherit;font-size:inherit;line-height:inherit}.elementor-widget-heading .elementor-heading-title.elementor-size-small{font-size:15px}.elementor-widget-heading .elementor-heading-title.elementor-size-medium{font-size:19px}.elementor-widget-heading .elementor-heading-title.elementor-size-large{font-size:29px}.elementor-widget-heading .elementor-heading-title.elementor-size-xl{font-size:39px}.elementor-widget-heading .elementor-heading-title.elementor-size-xxl{font-size:59px}<\/style><h5 class=\"elementor-heading-title elementor-size-default\"><a href=\"http:\/\/sindhsudoeste.org.br\/wp-content\/uploads\/2025\/07\/cct_25.pdf\" target=\"_blank\">CCT sindhsudoeste x Sindvida 2025\/2026<\/a><\/h5>\t\t<\/div>\n\t\t\t\t<\/div>\n\t\t\t\t<div class=\"elementor-element elementor-element-12d486e elementor-widget elementor-widget-heading\" data-id=\"12d486e\" data-element_type=\"widget\" data-widget_type=\"heading.default\">\n\t\t\t\t<div class=\"elementor-widget-container\">\n\t\t\t<h5 class=\"elementor-heading-title elementor-size-default\"><a href=\"http:\/\/sindhsudoeste.org.br\/wp-content\/uploads\/2025\/07\/CCT_2025_SINTESI_-_SINDTAE_X_SINDHSUDOESTE_ITAPETINGA_E_ITORORO.pdf\" target=\"_blank\">Convencao Coletiva SINTESI X SINDTAE X SINDHSUDOESTE ITAPETINGA E ITOROR\u00d3<\/a><\/h5>\t\t<\/div>\n\t\t\t\t<\/div>\n\t\t\t\t<div class=\"elementor-element elementor-element-ceefc13 elementor-widget elementor-widget-heading\" data-id=\"ceefc13\" data-element_type=\"widget\" data-widget_type=\"heading.default\">\n\t\t\t\t<div class=\"elementor-widget-container\">\n\t\t\t<h5 class=\"elementor-heading-title elementor-size-default\"><a href=\"http:\/\/sindhsudoeste.org.br\/wp-content\/uploads\/2024\/11\/Convencao_Coletiva_de_Trabalho_SEEB_-_Sindhsudoeste_2024-2025.docx_assinado_assinado.pdf\" target=\"_blank\">Convencao Coletiva SEEB  2024\/2025<\/a><\/h5>\t\t<\/div>\n\t\t\t\t<\/div>\n\t\t\t\t<div class=\"elementor-element elementor-element-0252fc1 elementor-widget elementor-widget-heading\" data-id=\"0252fc1\" data-element_type=\"widget\" data-widget_type=\"heading.default\">\n\t\t\t\t<div class=\"elementor-widget-container\">\n\t\t\t<h5 class=\"elementor-heading-title elementor-size-default\"><a href=\"http:\/\/sindhsudoeste.org.br\/wp-content\/uploads\/2024\/06\/convencao_coletiva_25.pdf\" target=\"_blank\">Conven\u00e7\u00e3o Coletiva 2024\/2025<\/a><\/h5>\t\t<\/div>\n\t\t\t\t<\/div>\n\t\t\t\t<div class=\"elementor-element elementor-element-2ddebcb elementor-widget elementor-widget-heading\" data-id=\"2ddebcb\" data-element_type=\"widget\" data-widget_type=\"heading.default\">\n\t\t\t\t<div class=\"elementor-widget-container\">\n\t\t\t<h5 class=\"elementor-heading-title elementor-size-default\"><a href=\"http:\/\/sindhsudoeste.org.br\/wp-content\/uploads\/2024\/03\/cct_sindhsudoeste_22.pdf\" target=\"_blank\">Conven\u00e7\u00e3o Coletiva 2022\/2023<\/a><\/h5>\t\t<\/div>\n\t\t\t\t<\/div>\n\t\t\t\t<div class=\"elementor-element elementor-element-42e0ea9 elementor-widget elementor-widget-heading\" data-id=\"42e0ea9\" data-element_type=\"widget\" data-widget_type=\"heading.default\">\n\t\t\t\t<div class=\"elementor-widget-container\">\n\t\t\t<h5 class=\"elementor-heading-title elementor-size-default\"><a href=\"http:\/\/sindhsudoeste.org.br\/wp-content\/uploads\/2024\/03\/cc_sintesi_sindhsudoeste.pdf\" target=\"_blank\">Conven\u00e7\u00e3o Coletiva com SINTESI E SINDTAE<\/a><\/h5>\t\t<\/div>\n\t\t\t\t<\/div>\n\t\t\t\t<div class=\"elementor-element elementor-element-307fe7e elementor-widget elementor-widget-heading\" data-id=\"307fe7e\" data-element_type=\"widget\" data-widget_type=\"heading.default\">\n\t\t\t\t<div class=\"elementor-widget-container\">\n\t\t\t<h5 class=\"elementor-heading-title elementor-size-default\"><a href=\"http:\/\/sindhsudoeste.org.br\/wp-content\/uploads\/2024\/03\/aditivo_cc_sintesi.pdf\" target=\"_blank\">Aditivo \u00e0 Conven\u00e7\u00e3o Coletiva com SINTESI E SINDTAE<\/a><\/h5>\t\t<\/div>\n\t\t\t\t<\/div>\n\t\t\t\t\t<\/div>\n\t\t\t\t<\/div>\n\t\t\t\t<\/div>\n\t\t","protected":false},"excerpt":{"rendered":"<p>CCT sindhsudoeste x Sindvida 2025\/2026 Convencao Coletiva SINTESI X SINDTAE X SINDHSUDOESTE ITAPETINGA E ITOROR\u00d3 Convencao Coletiva SEEB 2024\/2025 Conven\u00e7\u00e3o Coletiva 2024\/2025 Conven\u00e7\u00e3o Coletiva 2022\/2023 Conven\u00e7\u00e3o Coletiva com SINTESI E SINDTAE Aditivo \u00e0 Conven\u00e7\u00e3o Coletiva com SINTESI E SINDTAE<\/p>\n","protected":false},"author":1,"featured_media":0,"parent":0,"menu_order":0,"comment_status":"closed","ping_status":"closed","template":"","meta":{"footnotes":""},"class_list":["post-14324","page","type-page","status-publish","hentry"],"_links":{"self":[{"href":"https:\/\/sindhsudoeste.org.br\/index.php\/wp-json\/wp\/v2\/pages\/14324"}],"collection":[{"href":"https:\/\/sindhsudoeste.org.br\/index.php\/wp-json\/wp\/v2\/pages"}],"about":[{"href":"https:\/\/sindhsudoeste.org.br\/index.php\/wp-json\/wp\/v2\/types\/page"}],"author":[{"embeddable":true,"href":"https:\/\/sindhsudoeste.org.br\/index.php\/wp-json\/wp\/v2\/users\/1"}],"replies":[{"embeddable":true,"href":"https:\/\/sindhsudoeste.org.br\/index.php\/wp-json\/wp\/v2\/comments?post=14324"}],"version-history":[{"count":19,"href":"https:\/\/sindhsudoeste.org.br\/index.php\/wp-json\/wp\/v2\/pages\/14324\/revisions"}],"predecessor-version":[{"id":14900,"href":"https:\/\/sindhsudoeste.org.br\/index.php\/wp-json\/wp\/v2\/pages\/14324\/revisions\/14900"}],"wp:attachment":[{"href":"https:\/\/sindhsudoeste.org.br\/index.php\/wp-json\/wp\/v2\/media?parent=14324"}],"curies":[{"name":"wp","href":"https:\/\/api.w.org\/{rel}","templated":true}]}}